{"id":1210,"date":"2014-07-07T15:34:49","date_gmt":"2014-07-07T13:34:49","guid":{"rendered":"http:\/\/www.life-swingerclub.de\/?page_id=1210"},"modified":"2015-04-30T10:02:16","modified_gmt":"2015-04-30T08:02:16","slug":"overnight","status":"publish","type":"page","link":"https:\/\/life-swingerclub.de\/en\/overnight\/","title":{"rendered":"ACCOMMODATIONS"},"content":{"rendered":"<p>For all those who do not want to return to their own bed after an eventful night we offer a number of accommodation options.<\/p>\n<div class=\"collapse-container\"><div class=\"collapse-title\"><strong><br \/>\n<\/strong><\/p>\n<p><span style=\"font-size: xx-large;\"><strong>Hotels<\/strong><\/span><\/p>\n<p><\/div><div class=\"collapse-content\"><\/p>\n<p><strong><br \/>\n<\/strong><\/p>\n<p><span style=\"font-size: medium;\"><strong>Hotel Tenbrock \u2013 our partner hotel in Gescher<br \/>\nwith a shuttle service from the hotel to Club Life &amp; back<br \/>\n<\/strong><\/span><br \/>\n<img loading=\"lazy\" decoding=\"async\" class=\"alignnone size-medium wp-image-1047\" src=\"http:\/\/www.life-swingerclub.de\/wp-content\/uploads\/2014\/05\/fassade_2-300x249.jpg\" alt=\"fassade_2\" width=\"300\" height=\"249\" align=\"left\" hspace=\"30\/\" vspace=\"30\" srcset=\"https:\/\/life-swingerclub.de\/wp-content\/uploads\/2014\/05\/fassade_2-300x249.jpg 300w, https:\/\/life-swingerclub.de\/wp-content\/uploads\/2014\/05\/fassade_2.jpg 634w\" sizes=\"auto, (max-width: 300px) 100vw, 300px\" \/><\/p>\n<p>Distance: only about 3 minutes driving time makes this the closest hotel to the club.<\/p>\n<p>&nbsp;<\/p>\n<p>Hotel Tenbrock \u2013 for over 100 years this name represents a piece of local Gescher history.<\/p>\n<p>A traditional hotel offering diverse experiences: the &#8220;Restaurant 1905&#8221; for the special taste offers regional and seasonal specialties &#8211; a visit here is mandatory for any gourmet, bistro and bar with comfortable atmosphere.<\/p>\n<p>With a magnificent Wilhelminian facade, the hotel Tenbrock has remained young on the inside. Following extensive renovation of the rooms the hotel is accepting guests since 2012 to open, fully equipped hotel rooms &#8211; shower, toilet, LED flat screen TV, phone, complimentary &amp; extensive breakfast. You park for free and have access to high-speed wireless internet for free for the duration of your stay.<\/p>\n<p><strong>Book directly using the hotel&#8217;s website in order to be recognized as a guest of Club Life and have access to the free shuttle service to the club and back. <\/strong><br \/>\n<!--Buchen Sie direkt \u00fcber die Hotel-Homepage, damit Sie eindeutig als Life-Gast erkannt werden und Sie den kostenlosen Shuttle-Service zum Live und zur\u00fcck nutzen k\u00f6nnen. <\/strong>\n--><\/p>\n<p><strong>Simply check the third checkbox on while booking (Shuttleservice Lifeclub 17.00-03.00).<\/strong><\/p>\n<p>Hotel Tenbrock Booking: <a href=\"http:\/\/www.hotel-tenbrock.de\/online-buchen.html\">Hotel Tenbrock<\/a><\/p>\n<p><span style=\"font-size: large;\"><strong>or<\/strong><\/span><\/p>\n<p>&nbsp;<\/p>\n<p style=\"text-align: left;\" align=\"center\"><strong>3 Star Hotel &#8220;Zur Krone&#8221;<\/strong><\/p>\n<p><!--\u2013 Es hei\u00dft Sie Herzlich Willkommen Ihre Familie Grimmelt -<b><\/b>\n--><\/p>\n<p>\u2013 Family Grimmelt welcomes you with open arms &#8211;<b><\/b><\/p>\n<p><img loading=\"lazy\" decoding=\"async\" width=\"300\" height=\"152\" class=\"alignnone size-medium wp-image-1062\" src=\"http:\/\/www.life-swingerclub.de\/wp-content\/uploads\/2014\/05\/csm_grimmelthaus_a22cc3cb69-300x152.png\" alt=\"csm_grimmelthaus_a22cc3cb69\" align=\"left\" hspace=\"30\/\" vspace=\"30\" srcset=\"https:\/\/life-swingerclub.de\/wp-content\/uploads\/2014\/05\/csm_grimmelthaus_a22cc3cb69-300x152.png 300w, https:\/\/life-swingerclub.de\/wp-content\/uploads\/2014\/05\/csm_grimmelthaus_a22cc3cb69.png 1024w\" sizes=\"auto, (max-width: 300px) 100vw, 300px\" \/><\/p>\n<p>Distance: approximately 5 minutes driving time from the club.<\/p>\n<p>&nbsp;<\/p>\n<p><!--\n\n\n<p style=\"text-align: left;\">Wir freuen uns, Sie in unserem Hotel verw\u00f6hnen zu d\u00fcrfen. Unser Haus verf\u00fcgt \u00fcber 46 Zimmer davon 35 er\u00f6ffnet &nbsp;im September 2013 in unserem neuen G\u00e4stehaus. Das Stammhaus hat den Charme eines der \u00e4ltesten Gasth\u00e4user des M\u00fcnsterlandes und wird seit 1780 von der Familie Grimmelt mit viel Liebe zum Detail gef\u00fchrt. &nbsp;Sie parken kostenfrei und haben w\u00e4hrend Ihres gesamten Aufenthaltes freies schnelles WLan und&nbsp; Zugang zu unserm Saunabereich mit Whirlpool auf der Dachterrasse.<\/p>\n\n\n--><\/p>\n<p style=\"text-align: left;\">We look forward to welcoming you in our hotel. Of our total of 46 rooms 35 were opened September 2013 in our new guest house. The original building has the charm of the oldest hotels of the M\u00fcnsterland and has been run by Family Grimmelt since 1780 with lots of love and attention to detail. You park for free and have access to free wireless internet during the duration of your stay. In addition, you can use our sauna which includes a whirlpool on the roof terrace.<\/p>\n<p>&nbsp;<\/p>\n<p><!--\n\n\n<p style=\"text-align: left;\">Genie\u00dfen Sie Ihre Zeit im M\u00fcnsterland auch neben Ihrem Besuch im LIVE und mieten sich\n--><\/p>\n<p style=\"text-align: left;\">Enjoy your time in the M\u00fcnsterland outside of your visits to Club Life and rent<br \/>\n<!--Fahrr\u00e4der oder wagen einen Tandemsprung mit dem Fallschirm. Gerne geben wir Tipps f\u00fcr Ihre Freizeit im M\u00fcnsterland.<\/p>\n\n\n--><br \/>\nbicycles or dare making a tandem jump with a parachute. We are happy to offer advice for your leisure time in the M\u00fcnsterland.<\/p>\n<p>&nbsp;<\/p>\n<p><strong>Book directly using the hotel&#8217;s website in order to be recognized as a guest of Club Life and have access to the free shuttle service to the club and back. <\/strong><\/p>\n<p style=\"text-align: left;\"><strong>Simply check the box for item 7 (2x Transfer Life-Club) to make use of this service.<\/strong><\/p>\n<p>&nbsp;<\/p>\n<p>Hotel &#8220;Zur Krone&#8221; Booking:\u00a0 <a href=\"https:\/\/www.cbooking.de\/%28S%28rxaied2kq0wguxqjwhoedtne%29%29\/v3\/booking.aspx?id=hzk&amp;module=public&amp;ratetype=bar&amp;arrival=&amp;departure=&amp;adults=&amp;rooms=&amp;children=0&amp;submit=\">Hotel zur Krone<\/a><\/p>\n<p><\/div><\/div>\n<hr \/>\n<p>&nbsp;<\/p>\n<div class=\"collapse-container\"><div class=\"collapse-title\"><strong><br \/>\n<\/strong><\/p>\n<p><strong><span style=\"font-size: xx-large;\">RV \/ Caravan Parking<\/span><\/strong><\/p>\n<p><\/div><div class=\"collapse-content\"><\/p>\n<p><strong><br \/>\n<\/strong><\/p>\n<p>Using our gated and guarded parking area the campers among you have the opportunity to spend the night in their R\/V or caravan.<\/p>\n<p>For those who are not in a rush the following morning can further enjoy a hearty breakfast.<\/p>\n<p>Parking is free for our guests but we ask that you make your reservations in advance.<\/p>\n<p><em>(No connections available)<\/em><\/p>\n<p><\/div><\/div>\n<hr \/>\n<p>&nbsp;<\/p>\n<div class=\"contact left\">\n<h1 class=\"no-indent\">Contakt<\/h1>\n<p><strong>Life Swingerclub<\/strong><\/p>\n<p>The club just for couples<\/p>\n<p>Tungerloh Pr\u00f6bsting 6<\/p>\n<p>48712 Gescher<\/p>\n<p>&nbsp;<\/p>\n<table class=\"no-style\" border=\"0\">\n<tbody>\n<tr>\n<td><strong>Contact Phone<\/strong><\/td>\n<td>0171-9572277 or 0172-5227554<\/td>\n<\/tr>\n<tr>\n<td><strong>E-Mail<\/strong><\/td>\n<td>info(at)life-swingerclub.de<\/td>\n<\/tr>\n<\/tbody>\n<\/table>\n<\/div>\n\n<div class=\"wpcf7 no-js\" id=\"wpcf7-f2126-o1\" lang=\"de-DE\" dir=\"ltr\" data-wpcf7-id=\"2126\">\n<div class=\"screen-reader-response\"><p role=\"status\" aria-live=\"polite\" aria-atomic=\"true\"><\/p> <ul><\/ul><\/div>\n<form action=\"\/en\/wp-json\/wp\/v2\/pages\/1210#wpcf7-f2126-o1\" method=\"post\" class=\"wpcf7-form init wpcf7-acceptance-as-validation\" aria-label=\"Kontaktformular\" novalidate=\"novalidate\" data-status=\"init\">\n<fieldset class=\"hidden-fields-container\"><input type=\"hidden\" name=\"_wpcf7\" value=\"2126\" \/><input type=\"hidden\" name=\"_wpcf7_version\" value=\"6.1.1\" \/><input type=\"hidden\" name=\"_wpcf7_locale\" value=\"de_DE\" \/><input type=\"hidden\" name=\"_wpcf7_unit_tag\" value=\"wpcf7-f2126-o1\" \/><input type=\"hidden\" name=\"_wpcf7_container_post\" value=\"0\" \/><input type=\"hidden\" name=\"_wpcf7_posted_data_hash\" value=\"\" \/><input type=\"hidden\" name=\"_wpcf7_recaptcha_response\" value=\"\" \/>\n<\/fieldset>\n<div class=\"contact-form left\">\n\t<h3>Your reservation\n\t<\/h3>\n\t<p><span class=\"wpcf7-form-control-wrap\" data-name=\"tel\"><input size=\"40\" maxlength=\"400\" class=\"wpcf7-form-control wpcf7-text\" aria-invalid=\"false\" placeholder=\"Your Phone Number\" value=\"\" type=\"text\" name=\"tel\" \/><\/span>\n\t<\/p>\n\t<p><span class=\"wpcf7-form-control-wrap\" data-name=\"email\"><input size=\"40\" maxlength=\"400\" class=\"wpcf7-form-control wpcf7-text wpcf7-validates-as-required\" aria-required=\"true\" aria-invalid=\"false\" placeholder=\"E-Mail Address\" value=\"\" type=\"text\" name=\"email\" \/><\/span>\n\t<\/p>\n\t<p><span class=\"wpcf7-form-control-wrap\" data-name=\"message\"><textarea cols=\"40\" rows=\"10\" maxlength=\"2000\" class=\"wpcf7-form-control wpcf7-textarea wpcf7-validates-as-required\" aria-required=\"true\" aria-invalid=\"false\" placeholder=\"Your Message\" name=\"message\"><\/textarea><\/span><br \/>\n<span id=\"wpcf7-69f1d8dc6d39a-wrapper\" class=\"wpcf7-form-control-wrap your-name-wrap\" style=\"display:none !important; visibility:hidden !important;\"><label for=\"wpcf7-69f1d8dc6d39a-field\" class=\"hp-message\">Bitte lasse dieses Feld leer.<\/label><input id=\"wpcf7-69f1d8dc6d39a-field\"  class=\"wpcf7-form-control wpcf7-text\" type=\"text\" name=\"your-name\" value=\"\" size=\"40\" tabindex=\"-1\" autocomplete=\"new-password\" \/><\/span>\n\t<\/p>\n\t<p><span class=\"wpcf7-form-control-wrap\" data-name=\"checkbox-datenschutz\"><span class=\"wpcf7-form-control wpcf7-acceptance\"><span class=\"wpcf7-list-item\"><input type=\"checkbox\" name=\"checkbox-datenschutz\" value=\"1\" aria-invalid=\"false\" \/><\/span><\/span><\/span> I have read <a href=\"\/datenschutz\">privacy policy<\/a> and accept that my data will be saved for the pupose of contact or further inquiries. *\n\t<\/p>\n\t<p>Fields marked with * are mandatory.\n\t<\/p>\n\t<div class=\"buttons\">\n\t\t<p><button class=\"button-clear left\">Delete<\/button>\n\t\t<\/p>\n\t\t<div class=\"left\">\n\t\t\t<p><input class=\"wpcf7-form-control wpcf7-submit has-spinner\" type=\"submit\" value=\"Send\" \/>\n\t\t\t<\/p>\n\t\t<\/div>\n\t<\/div>\n<\/div><div class=\"wpcf7-response-output\" aria-hidden=\"true\"><\/div>\n<\/form>\n<\/div>\n\n","protected":false},"excerpt":{"rendered":"<p>For all those who do not want to return to their own bed after an eventful night we offer a number of accommodation options. &nbsp; &nbsp; Contakt Life Swingerclub The club just for couples Tungerloh Pr\u00f6bsting 6 48712 Gescher &nbsp; Contact Phone 0171-9572277 or 0172-5227554 E-Mail info(at)life-swingerclub.de<\/p>\n","protected":false},"author":2,"featured_media":5537,"parent":0,"menu_order":0,"comment_status":"open","ping_status":"open","template":"","meta":{"_monsterinsights_skip_tracking":false,"_monsterinsights_sitenote_active":false,"_monsterinsights_sitenote_note":"","_monsterinsights_sitenote_category":0,"ngg_post_thumbnail":0,"footnotes":""},"class_list":["post-1210","page","type-page","status-publish","has-post-thumbnail","hentry"],"_links":{"self":[{"href":"https:\/\/life-swingerclub.de\/en\/wp-json\/wp\/v2\/pages\/1210","targetHints":{"allow":["GET"]}}],"collection":[{"href":"https:\/\/life-swingerclub.de\/en\/wp-json\/wp\/v2\/pages"}],"about":[{"href":"https:\/\/life-swingerclub.de\/en\/wp-json\/wp\/v2\/types\/page"}],"author":[{"embeddable":true,"href":"https:\/\/life-swingerclub.de\/en\/wp-json\/wp\/v2\/users\/2"}],"replies":[{"embeddable":true,"href":"https:\/\/life-swingerclub.de\/en\/wp-json\/wp\/v2\/comments?post=1210"}],"version-history":[{"count":12,"href":"https:\/\/life-swingerclub.de\/en\/wp-json\/wp\/v2\/pages\/1210\/revisions"}],"predecessor-version":[{"id":2469,"href":"https:\/\/life-swingerclub.de\/en\/wp-json\/wp\/v2\/pages\/1210\/revisions\/2469"}],"wp:featuredmedia":[{"embeddable":true,"href":"https:\/\/life-swingerclub.de\/en\/wp-json\/wp\/v2\/media\/5537"}],"wp:attachment":[{"href":"https:\/\/life-swingerclub.de\/en\/wp-json\/wp\/v2\/media?parent=1210"}],"curies":[{"name":"wp","href":"https:\/\/api.w.org\/{rel}","templated":true}]}}