{"id":1284,"date":"2013-11-15T14:42:49","date_gmt":"2013-11-15T12:42:49","guid":{"rendered":"http:\/\/www.life-swingerclub.de\/?page_id=1284"},"modified":"2022-06-23T14:35:47","modified_gmt":"2022-06-23T12:35:47","slug":"impressum","status":"publish","type":"page","link":"https:\/\/life-swingerclub.de\/en\/impressum\/","title":{"rendered":"IMPRESSUM"},"content":{"rendered":"<p><strong>LIFE-Club f\u00fcr Paare<\/strong><\/p>\n<p>Jansen &amp; Seek GbR<\/p>\n<p>Hochstra\u00dfe 48<\/p>\n<p>45894 Gelsenkirchen<\/p>\n<p>&nbsp;<\/p>\n<p>Rufnummer Mobilfunk: 0172-5227554, 0151-25208731 oder 0172-5227554<\/p>\n<p>&nbsp;<\/p>\n<p>E-Mail:&nbsp;info@life-swingerclub.com<br \/>\n&nbsp;<br \/>\nWeb:&nbsp;<a href=\"http:\/\/www.life-swingerclub.de\/\" target=\"_blank\" rel=\"noopener noreferrer\">www.life-swingerclub.de<\/a><\/p>\n<p>&nbsp;<\/p>\n<p>Gesch\u00e4ftsf\u00fchrer: Markus Jansen &amp; Christian Seek<\/p>\n<p>Steuernummer: 301\/5744\/1639<\/p>\n<p>&nbsp;<\/p>\n<p>&nbsp;<\/p>\n<p><strong>Jugendschutzbeauftragter<\/strong>&nbsp;gem\u00e4\u00df \u00a7 7 JMStV<br \/>\nImmo W. Fietz<br \/>\nE-Mail: <a href=\"mailto:info@jugendschutzbeauftragte.net\">info@jugendschutzbeauftragte.net<\/a><br \/>\nWeb: <a href=\"http:\/\/www.jugendschutzbeauftragte.net\/\" target=\"_blank\" rel=\"noopener noreferrer\">www.jugendschutzbeauftragte.net<\/a><\/p>\n<p>&nbsp;<\/p>\n<strong>Haftung f\u00fcr Inhalte<\/strong><br \/>\r\n<br \/>\r\nAls Diensteanbieter sind wir gem\u00e4\u00df \u00a7 7 Abs.1 TMG f\u00fcr eigene Inhalte auf diesen Seiten nach den allgemeinen Gesetzen verantwortlich. Wir weisen jedoch darauf hin, dass die von uns zur Verf\u00fcgung gestellten Beitr\u00e4ge keine juristische Fachberatung ersetzen. Es handelt sich dabei lediglich um allgemeine Informationen, deren Korrektheit, Vollst\u00e4ndigkeit, Aktualit\u00e4t und\/oder Qualit\u00e4t wir nicht gew\u00e4hleisten oder zusichern k\u00f6nnen.<br \/>\r\n<br \/>\r\nNach \u00a7\u00a7 8 bis 10 TMG sind wir als Diensteanbieter nicht verpflichtet, \u00fcbermittelte oder gespeicherte, fremde Informationen zu \u00fcberwachen oder nach Umst\u00e4nden zu forschen, die auf eine rechtswidrige T\u00e4tigkeit hinweisen. Verpflichtungen zur Entfernung oder Sperrung der Nutzung von Informationen nach den allgemeinen Gesetzen bleiben hiervon unber\u00fchrt. Eine diesbez\u00fcgliche Haftung ist jedoch erst ab dem Zeitpunkt der Kenntnis einer konkreten Rechtsverletzung m\u00f6glich. Bei Bekanntwerden von entsprechenden Rechtsverletzungen werden wir diese Inhalte umgehend entfernen.<br \/>\r\n<br \/>\r\n<strong>Haftung f\u00fcr Links<\/strong><br \/>\r\n<br \/>\r\nUnsere Angebote und Dienste enthalten u.a. Verweisziele (\"Links\") zu externen Webseiten Dritter, auf deren Inhalte wir keinen Einfluss haben. Deshalb k\u00f6nnen wir f\u00fcr diese fremden Inhalte sowie die rechtliche Korrektheit, Vollst\u00e4ndigkeit und Verf\u00fcgbarkeit keine Gew\u00e4hr \u00fcbernehmen. F\u00fcr die Inhalte der verlinkten Seiten sowie entstehende Sch\u00e4den, die aus der Nutzung oder Nichtnutzung solcher Art dargebotener Informationen entstehen, ist stets der jeweilige Anbieter oder der Betreiber der Seite, auf die verwiesen wurde, verantwortlich. Diese Einschr\u00e4nkung gilt gleicherma\u00dfen f\u00fcr Fremdeintr\u00e4ge in das G\u00e4stebuch.<br \/>\r\n<br \/>\r\nDie verlinkten Seiten werden zum Zeitpunkt der Verlinkung auf m\u00f6gliche Rechtsverst\u00f6\u00dfe \u00fcberpr\u00fcft, insbesondere auf Verst\u00f6\u00dfe zivilrechtlicher, strafrechtlicher und jugendschutzrechtlicher Art. Rechtswidrige Inhalte waren zum Zeitpunkt der Verlinkung nicht erkennbar. Eine permanente inhaltliche Kontrolle der verlinkten Seiten ist jedoch ohne konkrete Anhaltspunkte einer Rechtsverletzung nicht zumutbar. Bei Bekanntwerden von etwaigen Rechtsverletzungen werden wir pflichtgem\u00e4\u00df handeln und derartige Links umgehend entfernen.<br \/>\r\n<br \/>\r\n<strong>Urheberrecht<\/strong><br \/>\r\n<br \/>\r\nDie durch die Seitenbetreiber erstellten Inhalte und Werke auf diesen Seiten unterliegen dem deutschen Urheberrecht. Dies betrifft insbesondere Grafiken, Sounds, Tondokumente, Texte sowie gedruckte und elektronische Publikationen. Die Vervielf\u00e4ltigung, Bearbeitung, Verbreitung und jede Art der Verwertung au\u00dferhalb der Grenzen des Urheberrechtes bed\u00fcrfen der schriftlichen Zustimmung des jeweiligen Urhebers bzw. Erstellers. Downloads und Kopien dieser Seite sind nur f\u00fcr den privaten Gebrauch gestattet. Der komerzielle Gebrauch solcher Werke und Inhalte wird strikt untersagt.<br \/>\r\n<br \/>\r\nSoweit die Inhalte auf dieser Seite nicht von unserer Redaktion erstellt wurden, werden die Urheberrechte Dritter beachtet. Insbesondere werden Inhalte Dritter als gesch\u00fctzt und mit Urhebervermerk gekennzeichnet. Sollten Sie trotzdem auf eine Urheberrechtsverletzung aufmerksam werden, bitten wir um einen entsprechenden Hinweis. Sobald uns etwaige Urheberrechtsverst\u00f6\u00dfe bekannt gemacht werden, werden wir derartige Inhalte umgehend von unserer Seite entfernen bzw. die Werke nach R\u00fccksprache mit dem jeweiligen Urheber mit entsprechendem Urhebervermerk kennzeichnen.\n","protected":false},"excerpt":{"rendered":"<p>LIFE-Club f\u00fcr Paare Jansen &amp; Seek GbR Hochstra\u00dfe 48 45894 Gelsenkirchen &nbsp; Rufnummer Mobilfunk: 0172-5227554, 0151-25208731 oder 0172-5227554 &nbsp; E-Mail:&nbsp;info@life-swingerclub.com &nbsp; Web:&nbsp;www.life-swingerclub.de &nbsp; Gesch\u00e4ftsf\u00fchrer: Markus Jansen &amp; Christian Seek Steuernummer: 301\/5744\/1639 &nbsp; &nbsp; Jugendschutzbeauftragter&nbsp;gem\u00e4\u00df \u00a7 7 JMStV Immo W. Fietz E-Mail: info@jugendschutzbeauftragte.net Web: www.jugendschutzbeauftragte.net &nbsp;<\/p>\n","protected":false},"author":1,"featured_media":0,"parent":0,"menu_order":0,"comment_status":"open","ping_status":"open","template":"","meta":{"_monsterinsights_skip_tracking":false,"_monsterinsights_sitenote_active":false,"_monsterinsights_sitenote_note":"","_monsterinsights_sitenote_category":0,"ngg_post_thumbnail":0,"footnotes":""},"class_list":["post-1284","page","type-page","status-publish","hentry"],"_links":{"self":[{"href":"https:\/\/life-swingerclub.de\/en\/wp-json\/wp\/v2\/pages\/1284","targetHints":{"allow":["GET"]}}],"collection":[{"href":"https:\/\/life-swingerclub.de\/en\/wp-json\/wp\/v2\/pages"}],"about":[{"href":"https:\/\/life-swingerclub.de\/en\/wp-json\/wp\/v2\/types\/page"}],"author":[{"embeddable":true,"href":"https:\/\/life-swingerclub.de\/en\/wp-json\/wp\/v2\/users\/1"}],"replies":[{"embeddable":true,"href":"https:\/\/life-swingerclub.de\/en\/wp-json\/wp\/v2\/comments?post=1284"}],"version-history":[{"count":18,"href":"https:\/\/life-swingerclub.de\/en\/wp-json\/wp\/v2\/pages\/1284\/revisions"}],"predecessor-version":[{"id":7279,"href":"https:\/\/life-swingerclub.de\/en\/wp-json\/wp\/v2\/pages\/1284\/revisions\/7279"}],"wp:attachment":[{"href":"https:\/\/life-swingerclub.de\/en\/wp-json\/wp\/v2\/media?parent=1284"}],"curies":[{"name":"wp","href":"https:\/\/api.w.org\/{rel}","templated":true}]}}