{"id":60,"date":"2013-11-13T12:59:22","date_gmt":"2013-11-13T10:59:22","guid":{"rendered":"http:\/\/www.life-swingerclub.de\/wp\/?page_id=60"},"modified":"2014-07-10T08:19:18","modified_gmt":"2014-07-10T06:19:18","slug":"jobs-3","status":"publish","type":"page","link":"https:\/\/life-swingerclub.de\/en\/jobs-3\/","title":{"rendered":"COMMENTS"},"content":{"rendered":"<h1>Kommentare &amp; Meinungen zur LIFE NIGHT am 10.05.<\/h1>\n<p>Wie immer&#8230;<\/p>\n<p>&#8230; super!<\/p>\n<p>Das ihr den sch\u00f6nsten Club habt und ihr besonders freundlich und einen erstklassigen Service bietet, haben wir ja schon \u00f6fters geschrieben.<\/p>\n<p>Aber auchmal Danke an den DJ sagen, haste gut gemacht!<br \/>\nL\u00e4ngere Passagen wo f\u00fcr jeden etwas dabei war und bei der Musik kein wildes durcheinander.<\/p>\n<p><em>Crazyless<\/em><\/p>\n<hr \/>\n<p>&#8230; was f\u00fcr ein haus und ausstattung<br \/>\nund das freundliche willkommen und umsorgen<\/p>\n<p><em>Rote_Zora_1976<\/em><\/p>\n<hr \/>\n<p>Super Club &#8230; Wir werden euch weiter empfehlen &#8230;..<br \/>\nLg<\/p>\n<p><em>hotlips69<\/em><\/p>\n<hr \/>\n<p>Macht weiter so , war ein super Abend in einem perfekten Ambiente, wobei die G\u00e4ste auserordentlich sexy waren<\/p>\n<p><em>Paleo<\/em><\/p>\n<hr \/>\n<p>Ihr habt nicht zuviel versprochen!<br \/>\nWir wurden sehr freundlich empfangen, Dank an Peter, der uns durch den Club f\u00fchrte und immer wieder sehr freundlich pr\u00e4sent war. Die Ausstattung empfanden wir als nahezu perfekt. Man nimmt deutlich wahr, dass man sich bei dem Umbau von einem Hotel zum erotischen Eventhaus viele Gedanken gemacht hat. Die Tanzfl\u00e4che ist ausreichend gro\u00df, um auch das Merkmal Erotikdisco erf\u00fcllen zu k\u00f6nnen! Die Musik lud zum tanzen ein. Alles war sehr sauber und einladend. Wenn Ihr dieses Niveau halten k\u00f6nnt, sind wir von einer Erfolgsgeschichte &#8220;Lifeclub Gescher&#8221; \u00fcberzeugt!<br \/>\nWir kommen gerne wieder!<br \/>\nDanke f\u00fcr den tollen Abend!<br \/>\n<em>Nina und Hans<\/em><\/p>\n<hr \/>\n<p>&#8230; was ihr da auf die Beine gestellt habt&#8230;..<\/p>\n<p>Vom ersten bis zum letzten Augenblick haben wir uns bei euch sehr sehr wohl gef\u00fchlt.<\/p>\n<p>Das Essen war sowas von lecker, hmmmmmm&#8230;&#8230;.. Was f\u00fcr eine tolle Qualit\u00e4t und selbst weit nach Mitternacht war noch ausreichend vorhanden. Das gesamte Team hat immer wieder gefragt, ob alles in Ordnung ist&#8230;ganz ehrlich&#8230;der Service geht nicht besser.<\/p>\n<p>Die Getr\u00e4nkeauswahl war der absolute Hammer, sowas haben wir in einem Club auch noch nicht erlebt .. Weiter als Scavi aus den kleinen Flaschen und einigen Cocktails nebst Softdrinks sind wir jedoch nicht gekommen&#8230; hmmmm&#8230;. fantastisch !!!<\/p>\n<p>Die Spielwiesen sind sehr einladend, hier und da k\u00f6nnte man diese jedoch einen Hauch mehr abdunkeln. Wir haben uns zuletzt auf den Speicher verzogen&#8230; nicht jedermann \u00b4s Ding&#8230;. wir fanden es aber ganz nett dort oben&#8230;<\/p>\n<p>Den DJ k\u00f6nnen wir ebenfalls nur loben&#8230; das relativ wenig getanzt wurde lag aber wohl an anderen Aktivit\u00e4ten&#8230;<\/p>\n<p>Die anwesenden Paare.. wowwww&#8230;. ihr wart allesamt total sexy !!! rrrrrrrrr&#8230;..<\/p>\n<p>Als absolute Casa Fans kommen wir jetzt wirklich schwer ins Rotieren&#8230; Wir haben wohl einen neuen Lieblingsclub in dem Live gefunden&#8230;<\/p>\n<p>Wir w\u00fcnschen dem gesamten Team, dass euer Konzept aufgeht und ihr die H\u00fctte immer voll bekommt.. bei der Gr\u00f6\u00dfe ganz sicher nicht einfach.<\/p>\n<p>Wir freuen uns schon jetzt auf ein Wiedersehen !!!<\/p>\n<p>Liebe Gr\u00fc\u00dfe<br \/>\n<em>melcars<\/em><\/p>\n<hr \/>\n<p>Es stimmt uns sehr traurig<\/p>\n<p>Das es sooooo einen super sch\u00f6nen Club nicht bei uns im Norden gibt.<br \/>\nHier stimmt einfach alles!!!<br \/>\nEin riesen Lob an die Betreiber und an das gesamte Team.<br \/>\nSollten die Betreiber mal in Erw\u00e4gung ziehen eine &#8221; Filiale&#8221; zu er\u00f6ffnen, dann bitte<br \/>\nim Norden der Republik.<br \/>\nSo ein Club fehlt uns definitiv.<br \/>\nBis dahin werden wir des \u00d6fteren die weite Reise ins Life antreten.<\/p>\n<p>Ganz liebe Gr\u00fc\u00dfe<br \/>\n<em>Heike und Dirk<\/em><\/p>\n<p><em>\u00a0<\/em><\/p>\n<hr \/>\n<p>NextGeneration Club Experience !!!<\/p>\n<p>Wir haben gestern die neue Club-Generation wahrhaftig &#8220;life&#8221; erlebt ! Hier passt einfach alles !!!<\/p>\n<p>Das Ambiente ist der pure Wahnsinn und der gelebte Service ist f\u00fcr andere Gastronomen wahrscheinlich nur Science Fiction.<\/p>\n<p>Ganz klar: Wer die neue Referenzklasse in Puncto Clubs erleben will f\u00e4hrt nach Geschar und vergisst besser nicht vorher seine Kinnlade festzuhalten !<\/p>\n<p>Unser (mit Abstand!) neuer Lieblingsclub !!!<\/p>\n<p><em>ZweiNachtfalter<\/em><\/p>\n<hr \/>\n<p>1+++++<\/p>\n<p>Den Kommentar unserer Vorg\u00e4nger kann man echt nichts mehr zuf\u00fcgen. Wir haben uns so wohl gef\u00fchlt das wir gleich n\u00e4chstes Wochenende wieder kommen w\u00fcrden (wenn man nicht immer einen &#8220;Babysitter&#8221;organisieren m\u00fcsste!<br \/>\nSupersch\u00f6nen Club, wo einfach alles stimmt!<\/p>\n<p><em>Bad_Angel_74<\/em><\/p>\n<hr \/>\n<p>kommen wieder&#8230;..<\/p>\n<p>Danke f\u00fcr den sch\u00f6nen Abend, waren das erste Mal dort, alles war perfekt. Macht weiter so.<\/p>\n<p><em>NRW_wieder_da<\/em><\/p>\n<p><em>\u00a0<\/em><\/p>\n<hr \/>\n<p>der erste Besuch<\/p>\n<p>Waren das erste mal dort und m\u00fcssen sagen das es uns sehr gut gefallen hat.<br \/>\nWerden wohl wieder kommen<br \/>\nLG<\/p>\n<p><em>Zweisam8387<\/em><\/p>\n<hr \/>\n<p>Das Erste&#8230;aber bestimmt nicht das Letzte mal..<\/p>\n<p>Auch wir wissen nicht mehr, was man noch schreiben k\u00f6nnte!!!!<br \/>\nAlles wurde von den Vorg\u00e4ngern schon mehrfach erw\u00e4hnt!!!!<br \/>\nTrotzdem muss man einfach etwas schreiben, denn es stimmte wirklich vom<br \/>\nParkplatz an ( die Damen wurden von netten jungen M\u00e4nnern mit einem Regenschirm<br \/>\nbis zum Eingang begleitet) einfach ALLES!!!!!!<br \/>\nEin herzlicher, freundlicher Empfang, suuper nettes Team, sehr aufmerksam und st\u00e4ndig bem\u00fcht!!!<br \/>\nZu den R\u00e4umlichkeiten kann ich gar nichts schreiben, uns fehlen die Worte!!!!<br \/>\nWOW !!!! HAMMER!!!!<br \/>\nSo etwas sch\u00f6nes und mit Liebe zum Detail haben wir noch nicht erlebt!!!<br \/>\nNoch einmal ein GROSSES Kompliment an das gesamte &#8220;Life Team&#8221;!!!<br \/>\nBis mit Sicherheit ganz bald wieder!!!<\/p>\n<p><em>Petra und Frank<\/em><\/p>\n<p><em>\u00a0<\/em><\/p>\n<hr \/>\n<p>Einfach nur&#8230;<\/p>\n<p>[b]Hammer.<br \/>\nWar ein super Abend.<br \/>\nWir werden ganz sicher wiederkommen.<br \/>\nDanke f\u00fcr so einen tollen Club.<br \/>\nBis Bald<\/p>\n<p><em>Stuw<\/em><\/p>\n<hr \/>\n<p>Das wird &#8230;<\/p>\n<p>&#8230; Bestimmt problematisch! Es ist alles mega! Mega Service, mega Location, mega Essen. Bei fast jedem Club merkt man das hier noch etwas ge\u00e4ndert werden muss, daran gefeilt werden sollte! Bei euch?&#8230; Alles fertig &#8211; perfekt! Wenn der Joyclub schon Sterne verteilt&#8230;. Dann lieber Joyclub ab nach Gescher!<\/p>\n<p>Bitte Bitte Bitte! Macht weiter so, bitte schafft das was ihr euch vorgenommen habt! Wir werden euch nach Lust und Noch einmal Lust unterst\u00fctzen.<\/p>\n<p><em>Loewenkrebs<\/em><\/p>\n<hr \/>\n<p>Perfekt!<\/p>\n<p>Wir m\u00f6gen zwar keine House Music, aber<br \/>\nAmbiente, Service, Personal&#8230;sehr au\u00dfergew\u00f6hnlich!<br \/>\nHammer Club!!!<\/p>\n<p><em>Rosan98<\/em><\/p>\n<p><em>\u00a0<\/em><\/p>\n<hr \/>\n<p>Naja,<\/p>\n<p>nett war`s ja. . .<br \/>\nAber was man hier so liest &#8211; das h\u00f6rt sich an an, als w\u00e4re der Garten Eden auf die Swingerwelt herabgekommen. . .<\/p>\n<p>Leute!!!<\/p>\n<p>Bittteee!!!<\/p>\n<p>Wartet doch erst mal, bis die Au\u00dfenanlage fertig ist. . .<\/p>\n<p>DASS wird DEER HAMMER!!!<\/p>\n<p>Devinitiv jetzt schon ein &#8220;11 von 10 m\u00f6glichen Sterne&#8221; Club.<\/p>\n<p>Es gibt noch ein paar Baustellen &#8211; aber nichts w\u00fcstes (gekochte Eier aus`m K\u00fchlschrank beim Fr\u00fchst\u00fcck, fehlendes Klopapier\/ Duschgel am Morgen) &#8211; aber man h\u00f6rt wirklich zu und arbeitet dran &#8211; so werden z.B. die Absatzkillerspalten auf dem Raucherbalkon schon sehr bald beseitigt werden, um nur ein Beispiel zu nennen.<\/p>\n<p>Mir tut es f\u00fcr die Betreiber leid das bereits gestern mindestens eine der Fackelleuchten in den Fluren komplett zerst\u00f6rt wurde. . .<br \/>\nAber die Platzierung ist einfach nicht wirklich geschickt., die ragen alle in Schulterh\u00f6he in den Gang.<br \/>\nWenn 2 Paare aneinander vorbeigehen bleibt beinahe automatisch irgendjemand daran h\u00e4ngen. . . NUR: muss mann\/frau sich dann mit Gewalt losrei\u00dfen und die Lampe kaputtmachen?<\/p>\n<p>Dem gesammten Personal einen lieben Gru\u00df und gro\u00dfen Respekt!<br \/>\nSo aufmerksam, freundlich (ich meine wirklich FREUNDlich, mit offensichtlichem Vergn\u00fcgen dabei, den G\u00e4sten einen tollen Abend zu bereiten) setzt neue Ma\u00dfst\u00e4be!<\/p>\n<p><em>Bibliothekar<\/em><\/p>\n<hr \/>\n<p>&nbsp;<\/p>\n<p>&nbsp;<\/p>\n<p>&nbsp;<\/p>\n<h2>Kommentare &amp; Meinungen zur LIFE NIGHT am 26.04.<\/h2>\n<p>Danke f\u00fcr diesen herrlichen Abend.<\/p>\n<p>Einfach unbeschreiblich, sehr stylisch und doch gem\u00fctlich.<\/p>\n<p>Angefangen von der netten Begr\u00fc\u00dfung, \u00fcber die wirklich tollen und liebevoll eingerichteten R\u00e4umlichkeiten, bis hin zu Buffet und das wirklich aufmerksame Personal.<\/p>\n<p>Die einzigen (wirklich kleinen) Kritikpunkte (Scheinwerfer Treppenaufgang und Boden Raucherlounge) wurden sofort vermerkt, und ich bin sicher dass diese schnellstens behoben werden.<\/p>\n<p>Es ist schwer zu beschreiben, man muss diese Lokalit\u00e4t einfach selber besucht haben.<\/p>\n<p>Ansonsten kann ich mich nur noch bei den anderen G\u00e4sten und Freunden f\u00fcr den tollen Abend bedanken, es war einfach nur sch\u00f6n, den Abend in eurer Gesellschaft zu verbringen .<\/p>\n<p>In dieses Haus werde ich immer gerne zur\u00fcckkehren<\/p>\n<p><em>Geniesserin1<\/em><\/p>\n<hr \/>\n<p>&nbsp;<\/p>\n<p>&nbsp;<\/p>\n<p>Also echt ein hammer Club, da werden wir sicher noch viel Saft vergie\u00dfen .<br \/>\nEin paar nette Leute mehr und die Sache wird Perfekt. Wenn die Fotos vom Club online sind wird man sicherlich fr\u00fchzeitig anmelden m\u00fcssen.<br \/>\nMelanie und ich hatten auf jeden Fall eine Menge Spass, auch wenn keiner sich uns angen\u00e4hert hat. Ihr seid aber auch mal sch\u00fcchtern .<br \/>\nNun noch ein megadickes Lob an die Crew ihr mach einen super guten Job<br \/>\n(endlich mal ein guter Cocktail) !!!<br \/>\nBis bald ihr lieben<\/p>\n<p><em>melaste<\/em><\/p>\n<hr \/>\n<p>&nbsp;<\/p>\n<p>Was f\u00fcr ein Club&#8230;&#8230;das beste was wir seit langer Zeit gesehen haben. Das sollte man erlebt haben.<br \/>\n<em>Karo &amp; Ralf<\/em><\/p>\n<hr \/>\n<p>Wir wissen \u00fcberhaupt nicht wie wir diesen Abend im Life in Worte fassen sollen???<\/p>\n<p>Sitzen zuhause auf unserer Couch und sind geflasht von einem traumhaften Cluberlebnis.<\/p>\n<p>K\u00f6nnte uns jemand noch einmal kneifen kommen, damit wir sicher sind, dass wir dies alles nicht nur getr\u00e4umt haben!!!<\/p>\n<p>Angefangen von der Begr\u00fc\u00dfung, \u00fcber den Service, die Freundlichkeit, dem Essen, der Getr\u00e4nke, die R\u00e4umlichkeiten, bis hin zum morgendlichem Fr\u00fchst\u00fcck und der herzlichen Verabschiedung, hatten wir ein 5 Sterne + Dream-Erlebnis!!!<\/p>\n<p>Super nette und attraktive G\u00e4ste waren anwesend, denen es genau so ging wie uns, unglaubliches Staunen in den Gesichtern, als man im Buffet-Bereich auch noch eine Tischbedienung hatte.<\/p>\n<p>Hier steckt vom ersten Schotterkorn des Parkplatzes bis zum letzen Dachpfannenreiter der Location, ein noch nie erlebtes und da gewesenes, bis ins letzte Detail positv-verr\u00fccktes Swingerclub-Konzept dahinter, dass von den Betreibern gelebt wird.<\/p>\n<p>Mit dem Life-Club spielt NRW nun unangefochten und konkurrenzlos in der Champions League!!!<\/p>\n<p>Kann man vielleicht eine Jahreskarte erwerben, da wir echt Angst in den n\u00e4chsten Wochen wegen ausverkaufter Veranstaltungen nicht mehr rein zu kommen!!!<\/p>\n<p><em>LG und <\/em><br \/>\n<em> Melli und Markus<\/em><\/p>\n<hr \/>\n<p>&nbsp;<\/p>\n<p>&nbsp;<\/p>\n<p>Wir k\u00f6nnen uns den Worten von Melmar nur anschlie\u00dfen!!!! Sehr gut auf den Punkt gebracht!!!! Wir sagen auch vielen lieben Dank an das gesammte Life Team!!!!!<br \/>\nEinfach geil und mit Worten schlecht zu beschreiben. Das muss man ERLEBEN!!!!!!<br \/>\nWir kommen mit Sicherheit wieder!!!!<br \/>\n<em>Liebe Gr\u00fc\u00dfe,<\/em><br \/>\n<em> Nicole und Andreas!!!!<\/em><\/p>\n<hr \/>\n<p>&nbsp;<\/p>\n<p>Ein Posting nach dem Statement von Melmars zu platzieren, in dem bislang noch unerw\u00e4hnte Punkte aufgegriffen werden, ist nahezu unm\u00f6glich.<\/p>\n<p>Auch wir sind sehr! begeistert<\/p>\n<p>&nbsp;<\/p>\n<p>Stylisch &#8211; durch und durch.<br \/>\nGeschmackvoll &#8211; durch und durch.<br \/>\nHerzlich &#8211; durch und durch.<br \/>\nLeidenschaftlich &#8211; durch und durch.<br \/>\nServiceorientiert &#8211; durch und durch.<br \/>\nExklusiv &#8211; durch und durch.<br \/>\nKulinarisch top &#8211; durch und durch.<\/p>\n<p>&nbsp;<\/p>\n<p>Zur Eliminierung der von melaste angesprochenen Sch\u00fcchternheitsschwelle und zur Erh\u00f6hung der Danebenleg- und Mitspielwahrscheinlichkeit k\u00f6nnten wir uns einen Raum vorstellen, der &#8220;NUR TAUSCHWILLIGEN PAAREN&#8221; vorbehalten ist.<\/p>\n<p>Den sympathischen Betreibern des Life gratulieren wir zu einem au\u00dfergew\u00f6hnlichen Club und w\u00fcnschen von Herzen &#8220;VIEL ERFOLG&#8221;!<\/p>\n<p><em>die Sunnys<\/em><\/p>\n<hr \/>\n<p>Wir hatten eine wirklich herrliche erste und sicher nicht die letzte Clubnacht in einem rohgeschliffenen Diamanten! Hochkar\u00e4tiger Service, der den Vergleich f\u00fcnf Sterne Standart was Aufmerksamkeit und professionelle Bewirtung betrifft mehr als erf\u00fcllt, sogar \u00fcbertroffen hat.<br \/>\nHier wartet man mit geschultem Personal auf Publikum das Besonderes sucht.<br \/>\nVom s\u00fcndhaft leckeren Buffet mal ganz zu schweigen, wir wissen nicht was am leckersten war. F\u00fcr Fischfans war es ein Gaumenschmaus, als Fischk\u00f6ppe k\u00f6nnen wir das gut beurteieln. Keine Liste aber Antipasti, (EIWEISSPOWER ), butterzartes Krebsfleisch, Lachs , die Antipasti und die Nachspeise S\u00fcnde pur.<\/p>\n<p>&nbsp;<\/p>\n<p>W\u00e4ren wir Kritiker, wir w\u00fcrden aus dem Stand \u2605\u2730\u2605\u2730\u2605 vergeben.<br \/>\nDas Ambiente einfach umwerfend und im H\u00f6chstma\u00df erotisierend .<br \/>\nDie Lichteffekte (\u2665Liquids\u2665) haben sehr inspiriert und die Tanzfl\u00e4che fanden wir<br \/>\neinladend. Rundum mit roten Loungen haben uns \u00fcberzeugt!!!<\/p>\n<p>&nbsp;<\/p>\n<p>Die Jahreskarte ist sicher keine schlechte Idee, hat uns eine Nacht so gar<br \/>\nnicht gereicht um durch euer Raumlabyrinth zu<br \/>\n.<br \/>\nF\u00fcr eure Freuden reicht eine Nacht gar nicht aus und garantiert wird es<br \/>\nimmer wieder neues zu entdecken geben. Ob das stylische Afrikazimmer, das<br \/>\nharmonische Asiazimmer mit den vielen Bambusst\u00e4mmen, die Schaukel sowie<br \/>\nder Gynstuhl, der allein \u2605\u2730\u2605\u2730\u2605 f\u00fcr perfekte Konstruktion verdient hat.<br \/>\nIn geilem roten Leder super einladend, obwohl Frau die St\u00fchle sonst gar nicht<br \/>\nmag im Club. So ausgefeilt wie die elektronik ist,<br \/>\nkann das kein Stuhl in einer Arztpraxis und auch hier geiles Lich mit<br \/>\nder roten Grubenlampe. Die Umkleidekabinen sehr ansprechend gestaltet<br \/>\nund es k\u00f6nnte besseres Schminklicht an den gro\u00dfen Spiegel, zwei Damen<br \/>\nnebeneinander haben zu wenig Licht<\/p>\n<p>&nbsp;<\/p>\n<p>Ein sympathisches Team, dass immer zur Stelle war, wenn es gebraucht<br \/>\nwurde. F\u00fcr eine Nacht ein Hammer Eindruck, wir waren geflasht,<br \/>\nungekanntes kann man sich nicht vorstellen.<\/p>\n<p>&nbsp;<\/p>\n<p>Wir sind sehr gespannt wie der Rohdiamant geschliffen aussieht und<br \/>\nsind \u00fcberzeugt, das er das Pr\u00e4dikat Extraklasse voll verdient.<\/p>\n<p>&nbsp;<\/p>\n<p>Wir schlie\u00dfen und den Vorrednern mit allem Lob an und sagen nur<br \/>\nEntdecke die M\u00f6glichkeiten!<\/p>\n<p>&nbsp;<\/p>\n<p>Wer bei euch keine hei\u00dfe Nacht verbringt ist selber Schuld.<br \/>\n<em>Monplaisir<\/em><\/p>\n<hr \/>\n<p>&nbsp;<\/p>\n<p>&nbsp;<\/p>\n<p>Super Club!<\/p>\n<p>K\u00f6nnen und wollen uns den Vorrednern nur anschlie\u00dfen! Sehr sch\u00f6ner, stylischer Club mit absolut tollem Personal! Danke nochmal f\u00fcr die stetig sehr freundliche und prompte Bedienung!!!<br \/>\nAuch ein gro\u00dfes Lob an den DJ: sehr gutes, gemischtes Musikverh\u00e4ltnis!!! Top!!!Danke an alle f\u00fcr einen geilen Abend!!!<br \/>\n<em>sost<\/em><\/p>\n<hr \/>\n<p>&nbsp;<\/p>\n<p>&nbsp;<\/p>\n<p>Unter den Paareclubs&#8230;.<\/p>\n<p>die wir alle kennen die absolute Nr 1<\/p>\n<p>Wir kennen zwar noch nicht alle aber wir finden die Messlatte ist hier sooooooo<br \/>\nHoch gesetzt das es Konkurrenten schwer haben werden diesen Niveau zu erreichen.<\/p>\n<p>Aber schlie\u00dflich muss ja auch jeder Club seine eigene Philosophie vertreten und leben.<\/p>\n<p>Hier hei\u00dft es nicht der Gast ist K\u00f6nig , sondern der Gast ist Kaiser, Pharao oder doch Sultan ???<\/p>\n<p>Hier wird Service nicht geboten sondern zelebriert in Perfektion.<\/p>\n<p>Achja Jahreskarte m\u00f6chten wir auch gerne haben. Gibt es die 5 Jahreskarte im Angebot ???<\/p>\n<p><em>DJ_Lionheart<\/em><\/p>\n<hr \/>\n<p>&nbsp;<\/p>\n<h1><\/h1>\n<h1><strong>Kommentare &amp; Meinungen unserer G\u00e4ste zum Er\u00f6ffnungswochenende am 19. &amp; 20. April<\/strong><\/h1>\n<p>&nbsp;<\/p>\n<p>Kompliment f\u00fcr einen tollen Club, mit sehr sympathischen Gastgebern. W\u00fcnschen euch viele tolle G\u00e4ste, wir kommen auf jeden Fall wieder.<\/p>\n<p><em>Traumsegler<\/em><\/p>\n<hr \/>\n<p>&nbsp;<\/p>\n<p>Der Anfang ist gemacht.<br \/>\nEine wundersch\u00f6ne Location wurde er\u00f6ffnet.<br \/>\nWir haben den Abend richtig genossen, wenn hier und da noch ein wenig Routine rein kommt,<br \/>\ndann wird das eine richtige Hochburg der Swingerclubs.<br \/>\nGLG an alle die diesen Abend so toll gemacht haben Personal aber auch G\u00e4ste<br \/>\n<em>Bianka u. Michael<\/em><\/p>\n<hr \/>\n<p>&nbsp;<\/p>\n<p>wir haben uns sehr wohl gef\u00fchlt bei euch und wir werden euch zuk\u00fcnftig gerne wieder beehren<\/p>\n<p><em>LG Frank &amp; Elke<\/em><\/p>\n<hr \/>\n<p>&nbsp;<\/p>\n<p>Tolle Location mit stilvollem Ambiente. Hier haben die neuen Betreiber sich wirklich ins Zeug gelegt. Die Einrichtung ist hochwertig und in allen Ebenen bis ins Detail ausgesucht. Wir haben einen tollen Abend im ausverkauften Life-Club erlebt und viele nette Leute kennengelernt Die Musik war klasse, was auch nicht immer selbstverst\u00e4ndlich in Clubs dieser Art ist. Das Essen war ein Genuss und f\u00fcr jeden was dabei. Vielen Dank f\u00fcr einen tollen Abend&#8230; der Life-club ist unser neuer Stammclub! &#8230;und das gilt bestimmt nicht nur f\u00fcr uns&#8230;<\/p>\n<p><em>Christina + J\u00f6rn<\/em><\/p>\n<hr \/>\n<p>&nbsp;<\/p>\n<p>Super start, klasse team und sch\u00f6ner Club.. Hat uns gut gefallen, viele nette G\u00e4ste wunderbarer Abend. Werde diesen Swingerclub nochmal beehren und hoffen das alle anderen G\u00e4ste genauso viel Spa\u00df hatten.<br \/>\nW\u00fcnschen den club in Zukunft noch viel Erfolg!<\/p>\n<p>GLG<br \/>\n<em>Hans&amp;Cristina<\/em><\/p>\n<hr \/>\n<p>War ein superabend,<\/p>\n<p>Der DJ war einfach klasse , Essen und Trinken super gut,<br \/>\nPersonal sehr freundlich , und die raumen sehr nobel und sch\u00f6n gemacht.<br \/>\nWerden da sicher nochmal mehrere sch\u00f6ne abende verbringen, hat uns sehr gut gefallen!<\/p>\n<p>Toller Start &#8230;<\/p>\n<hr \/>\n<p>Toller Start eines neuen Clubs. Wir haben es sehr genossen, am Er\u00f6ffnungsabend bei Euch zu sein. Wir sind schon in einigen Clubs gewesen und haben unterschiedliche &#8220;Qualit\u00e4ten&#8221; kennen gelernt.<br \/>\nMit dem &#8220;Life&#8221; hat sich ein neuer Club in der Swinger-Szene pr\u00e4sentiert, der sicherlich in Zukunft Ma\u00dfst\u00e4be setzen wird.<br \/>\nSelbstverst\u00e4ndlich gibt es gerade zu Beginn noch Dinge, die verbessert werden k\u00f6nnten. Aber mal ganz ehrlich, f\u00fcr die weitaus meisten G\u00e4ste war der Abend toll; der Start nahezu perfekt.<br \/>\nDie G\u00e4ste, das Ambiente und die total herzliche Begr\u00fc\u00dfung durch das Personal waren in der Summe gro\u00dfartig! Uns hat besonders die Fantasie bei den R\u00e4umen und die wirklich liebevolle Aufmachung beeindruckt.<br \/>\nMacht weiter so. Wir werden a) wiederkommen &amp; b) euch weiter empfehlen.<\/p>\n<p><em>Fraje<\/em><\/p>\n<hr \/>\n<p>Hallo ihr<br \/>\nkompliment an die ganze Crew<br \/>\nwohl der sch\u00f6nste club den man weit und breit finden kann<br \/>\n&#8230;&#8230;.<br \/>\nEssen der spitzenklasse , super tolles ambiente. Ganz sch\u00f6n eingerichte R\u00e4ume. .super Musik und sehr sympathisches Personal. Alle total freundlich und hilfsbereit wer da was zu meckern hat sollte zuhause bleiben.<br \/>\n(Querulanten gibt es immer sietzen zu hause auf bananenkisten und trocken brot)<br \/>\nWir finden einen club der seines gleiches sucht.<br \/>\nwir kommen auf jeden fall wieder ,!!<br \/>\nLiebe gr\u00fc\u00dfe<br \/>\n<em>Dani und Peter <\/em><br \/>\n<em> aus goch (Tonnenturner)<\/em><\/p>\n<hr \/>\n<p>&#8230;so ihr Lieben<\/p>\n<p>nun von uns auch ein paar Worte&#8230;<br \/>\nwas wir Euch am Abend auch schon pers\u00f6nlich gesagt haben, sehr gelungener Auftakt !<br \/>\nWir haben uns sehr wohl gef\u00fchlt&#8230;.<\/p>\n<p>fing ja schon mal gut an&#8230;Zelt&#8230;.Prosecco&#8230;Erdbeeren&#8230;. &#8230;hat die ganze &#8220;Eingangsgeschichte&#8221; etwas entspannt.<\/p>\n<p>Sind dann sp\u00e4ter bei Anna ( tolle Frau) in der Sektbar &#8220;h\u00e4ngengeblieben&#8221;, allerdings nicht ohne das wir alle R\u00e4ume angeschaut hatten&#8230;.habt ihr euch schon richtig was bei gedacht &#8230;Handt\u00fccher aufgerollt, farblich sortiert (nicht megawichtig, aber fanden wir klasse), Tapeten, Spiegel etc.<\/p>\n<p>Sind gespannt wie sich das ALLES so entwickelt&#8230;Aussenbereich etc. habt ihr euch ja noch einiges vorgenommen&#8230;.<\/p>\n<p>Wir hoffen das der Club gut angenommen wird, das hat er\/ihr auf jeden Fall verdient!!!<\/p>\n<p><em>Ganz liebe Gr\u00fc\u00dfe Kirsten und Frank<\/em><\/p>\n<hr \/>\n<p>&nbsp;<\/p>\n<p>&nbsp;<\/p>\n<p>&nbsp;<\/p>\n<p>&nbsp;<\/p>\n","protected":false},"excerpt":{"rendered":"<p>Kommentare &amp; Meinungen zur LIFE NIGHT am 10.05. Wie immer&#8230; &#8230; super! Das ihr den sch\u00f6nsten Club habt und ihr besonders freundlich und einen erstklassigen Service bietet, haben wir ja schon \u00f6fters geschrieben. Aber auchmal Danke an den DJ sagen, haste gut gemacht! L\u00e4ngere Passagen wo f\u00fcr jeden etwas dabei war und bei der Musik [&hellip;]<\/p>\n","protected":false},"author":1,"featured_media":5551,"parent":0,"menu_order":0,"comment_status":"closed","ping_status":"closed","template":"","meta":{"_monsterinsights_skip_tracking":false,"_monsterinsights_sitenote_active":false,"_monsterinsights_sitenote_note":"","_monsterinsights_sitenote_category":0,"ngg_post_thumbnail":0,"footnotes":""},"class_list":["post-60","page","type-page","status-publish","has-post-thumbnail","hentry"],"_links":{"self":[{"href":"https:\/\/life-swingerclub.de\/en\/wp-json\/wp\/v2\/pages\/60","targetHints":{"allow":["GET"]}}],"collection":[{"href":"https:\/\/life-swingerclub.de\/en\/wp-json\/wp\/v2\/pages"}],"about":[{"href":"https:\/\/life-swingerclub.de\/en\/wp-json\/wp\/v2\/types\/page"}],"author":[{"embeddable":true,"href":"https:\/\/life-swingerclub.de\/en\/wp-json\/wp\/v2\/users\/1"}],"replies":[{"embeddable":true,"href":"https:\/\/life-swingerclub.de\/en\/wp-json\/wp\/v2\/comments?post=60"}],"version-history":[{"count":4,"href":"https:\/\/life-swingerclub.de\/en\/wp-json\/wp\/v2\/pages\/60\/revisions"}],"predecessor-version":[{"id":1278,"href":"https:\/\/life-swingerclub.de\/en\/wp-json\/wp\/v2\/pages\/60\/revisions\/1278"}],"wp:featuredmedia":[{"embeddable":true,"href":"https:\/\/life-swingerclub.de\/en\/wp-json\/wp\/v2\/media\/5551"}],"wp:attachment":[{"href":"https:\/\/life-swingerclub.de\/en\/wp-json\/wp\/v2\/media?parent=60"}],"curies":[{"name":"wp","href":"https:\/\/api.w.org\/{rel}","templated":true}]}}