{"id":54,"date":"2013-11-13T12:58:52","date_gmt":"2013-11-13T10:58:52","guid":{"rendered":"http:\/\/www.life-swingerclub.de\/wp\/?page_id=54"},"modified":"2015-01-29T11:27:51","modified_gmt":"2015-01-29T09:27:51","slug":"gastenboek","status":"publish","type":"page","link":"https:\/\/life-swingerclub.de\/nl\/gastenboek\/","title":{"rendered":"GASTENBOEK"},"content":{"rendered":"<div class=\"gbuch_newentry\">\r\n\t<h3>Wir freuen uns auf dein Feedback!<\/h3>\r\n\t<form action=\"\" method=\"post\" id=\"gbuch_form\">\t\t\r\n\t\t<div class=\"nl_field\">\r\n\t\t\t<input type=\"text\" class=\"nl_entryfields\" name=\"contact-name\" placeholder=\"Your name\" required><div class=\"form_error\"><\/div>\r\n\t\t<\/div>\r\n\t\t<div class=\"nl_field\">\r\n\t\t\t<input type=\"email\" class=\"nl_entryfields\" name=\"contact-email\" placeholder=\"Your E-Mail\" required><div class=\"form_error\"><\/div>\r\n\t\t<\/div>\r\n\t\t<div class=\"nl_field\">\r\n\t\t\t<textarea type=\"text\" class=\"nl_textarea\" name=\"beitrag\" rows=\"8\" cols=\"5\" placeholder=\"Your Entry\" required><\/textarea><div class=\"form_error\"><\/div>\r\n\t\t<\/div>\r\n\t\t<div class=\"nl_field\">\r\n\t\t\t<input type=\"hidden\" value=\"send\" name=\"aktion\">\r\n\t\t\t<input type=\"hidden\" value=\"newgbuch\" name=\"action\">\r\n\t\t\t<div class=\"right\">\r\n\t\t\t\t<input type=\"submit\" name=\"send\" class=\"btn_beitrag_senden_nl\" value=\"\">\r\n\t\t\t<\/div>\r\n\t\t<\/div>\r\n\t\t<div class=\"required\"><\/div>\t\t\r\n\t<\/form>\r\n\t<div class=\"wpcf7-response-output mbv_guestbook_success\">\r\n\t<\/div>\r\n\t<hr \/>\r\n\t<br \/>\r\n<\/div><div class=\"gbuch\"><div class=\"gbuch_controlarea_bottom\"><div class=\"gbuch_control\"><div class=\"gb_left\"><\/div><div class=\"gbuch_count_page\"> Page 1 from 11, Entries 1 - 10 from 109<\/div><div class=\"gb_right\"><a href=\"?seite=2\">next Page<span class=\"gb_pfeil_rechts\"><\/span><\/a><\/div><div class=\"clear\"><\/div><\/div><\/div><div class=\"gbuch_entries\"><div class=\"entry\">\n\t<div class=\"info left\">\n\t\t<span class=\"author\">AL<\/span>\n\t\t<span class=\"date\">12.04.2026<\/span>\n\t<\/div>\n\t\n\t<div class=\"content left\">\n\t\tIch bin als Single Frau neu in die Welt des Swinger Clubs eingetaucht und hatte eine durchweg positive Erfahrung. <br \/><br \/>Der Club hat ein ganz tolles Team, alle super freundlich und zuvorkommend. Die Hygiene ist eine 12\/10 und das Essen so gut, dass ich alleine daf\u00fcr wieder kommen w\u00fcrde. <br \/><br \/>Ich habe mich den ganzen Abend \u00fcber sehr sicher gef\u00fchlt. Die Kommunikation mit anderen G\u00e4sten war sehr freundlich und respektvoll und es war einfach eine sch\u00f6ne Erfahrung. Gerne wieder!\t<\/div>\n\n\t\t\t\n\t<div class=\"clear\"><\/div>\n<\/div><div class=\"entry\">\n\t<div class=\"info left\">\n\t\t<span class=\"author\">Rob and Hilde<\/span>\n\t\t<span class=\"date\">16.11.2025<\/span>\n\t<\/div>\n\t\n\t<div class=\"content left\">\n\t\tThanks for the wonderful night tonight. We had a short but very intense ans intimate experience with a beautiful black girl. We didn't see her later on, and were sad we didn't ask her number. If she reads this or you know her; please ask her to send us a message...\ud83d\ude18\t<\/div>\n\n\t\t\t\n\t<div class=\"clear\"><\/div>\n<\/div><div class=\"entry\">\n\t<div class=\"info left\">\n\t\t<span class=\"author\">kleopatra75<\/span>\n\t\t<span class=\"date\">07.09.2025<\/span>\n\t<\/div>\n\t\n\t<div class=\"content left\">\n\t\tLieben Dank f\u00fcr das tolle Event am 06.09.<br \/>Das war mein erstes Erlebnis in der Swinger -Szene \u2026es war f\u00fcr mich wie eine Reise ins Dreamland!<br \/>Danke daf\u00fcr liebes Live Team.<br \/>Besonders dank an Marcus, wollte dir pers\u00f6nlich danken aber habe es nicht geschafft:)<br \/>Definitiv beim n\u00e4chsten Besuch \ud83d\ude42<br \/>Das Essen, Getr\u00e4nke , Spielr\u00e4ume , Musik . Schaumparty, Whirlpool\u2026und die erstklassigen, niveauvollen G\u00e4ste ..alles war das feinste vom feinsten <br \/><br \/>Kleopatra \t<\/div>\n\n\t\t\t\n\t<div class=\"clear\"><\/div>\n<\/div><div class=\"entry\">\n\t<div class=\"info left\">\n\t\t<span class=\"author\">Me & De<\/span>\n\t\t<span class=\"date\">16.08.2025<\/span>\n\t<\/div>\n\t\n\t<div class=\"content left\">\n\t\tDANKE f\u00fcr dieses Erlebnis!!!<br \/><br \/>Heutzutage werden h\u00e4ufig nur noch Bewertungen abgegeben wenn jemand etwas zu bem\u00e4ngeln hat.<br \/><br \/>Was Ihr da im LIFE-Club macht, ist mehr als ganz gro\u00dfes Kino. Wir sind wirklich beeindruckt, dass man Swingerclub auch so wie Ihr es macht, interpretieren kann.<br \/><br \/>- Hygiene & Sauberkeit - alles picobello <br \/>- Freundlichkeit - kommt von Herzen, hier ist man Gast, von der ersten bis zur letzten Minute<br \/>- Getr\u00e4nke - nur Markengetr\u00e4nke im Ausschank, Eisw\u00fcrfel, Crash-Eis, tolle Cocktails<br \/>- Essen - wenn wir noch einmal heiraten w\u00fcrden, dann w\u00fcrden wir das Buffet bei Euch bestellen<br \/><br \/>Was besonders auff\u00e4llt, die Betreiber begr\u00fc\u00dfen ihre G\u00e4ste per Mikro-Ansage und nehmen dabei auch Stellung zur Hausordnung.<br \/>- keine Drogen oder Joint im Laden gestattet - sonst gehts nach Hause <br \/>- keiner wird angefasst ohne vorher gefragt zu werden - wer sich nicht daran h\u00e4lt, fliegt<br \/>das sind Ansagen, da f\u00fchlt man sich sehr sicher und gut aufgehoben - toll!!!<br \/><br \/>Megasch\u00f6ne und gepflegte Au\u00dfenanlage, sehr sch\u00f6ne Location mit viel Liebe zum Detail gestaltet. Tolle G\u00e4ste-Auswahl, sehr attraktives Publikum, gute Kommunikation auch unter den G\u00e4sten.<br \/><br \/>F\u00fcr uns ist das HIGH-END in Vollendung was der LIFE-Club bietet!!!<br \/>\t<\/div>\n\n\t\t\t\n\t<div class=\"clear\"><\/div>\n<\/div><div class=\"entry\">\n\t<div class=\"info left\">\n\t\t<span class=\"author\">Joost & Nicole van Ham<\/span>\n\t\t<span class=\"date\">09.03.2025<\/span>\n\t<\/div>\n\t\n\t<div class=\"content left\">\n\t\tWe've been in Club Life before, but this saturday 8 march  with the theme The Roaring 20's & 30's we were plessently surprised!<br \/>Everyone had done their best to look as good as possible and as fitting as possible with the theme!<br \/>the saxophonist\/singer really whipped up the atmosphere!\t<\/div>\n\n\t\t\t\n\t<div class=\"clear\"><\/div>\n<\/div><div class=\"entry\">\n\t<div class=\"info left\">\n\t\t<span class=\"author\">T&K<\/span>\n\t\t<span class=\"date\">07.07.2024<\/span>\n\t<\/div>\n\t\n\t<div class=\"content left\">\n\t\tWir waren gestern zum ersten Mal in so einer Location und sind mit gemischtem und leicht nerv\u00f6sem Gef\u00fchl dort angekommen.<br \/>Um es kurz zu machen: Ein toller Laden, super nettes Team, mega Essen, sehr entspannte aber knisternde Atmosph\u00e4re mit wirklich gutem und \u00fcberraschend jungem Publikum!  Damit hatten wir nicht gerechnet... Hatten einen aufregenden Abend in den verschiedenen Playrooms und kommen sicher so schnell wie m\u00f6glich wieder, obwohl wir vorher noch sinniert haben, ob wir vielleicht um 2100 Uhr schon \u00fcberfordert sind und wieder gehen:-) Also: absolute Empfehlung f\u00fcr jeden, der mal seinen Horizont erweitern m\u00f6chte, auch ohne PT.\t<\/div>\n\n\t\t\t\n\t<div class=\"clear\"><\/div>\n<\/div><div class=\"entry\">\n\t<div class=\"info left\">\n\t\t<span class=\"author\">Manu &Micha<\/span>\n\t\t<span class=\"date\">31.03.2024<\/span>\n\t<\/div>\n\t\n\t<div class=\"content left\">\n\t\tSo wir Ende 40 dachten wird mal Zeit neues zu probieren und es war der Wahnsinn. Unser Besuch liegt paar Wochen zur\u00fcck aber war so Hot<br \/>Wir haben den Ausflug vom Alltag sehr genossen und mal<br \/>unsere frivole Seite auszuleben und der absolute nicht geplant pt aber egal es war der Wahnsinn. Danke  ihr wisst schon wer.<br \/><br \/>Wir kommen wieder Location Atmosph\u00e4re unglaublich <br \/>Lg<br \/>Manu & Micha <br \/>\t<\/div>\n\n\t\t\t\n\t<div class=\"clear\"><\/div>\n<\/div><div class=\"entry\">\n\t<div class=\"info left\">\n\t\t<span class=\"author\">S & S<\/span>\n\t\t<span class=\"date\">17.01.2024<\/span>\n\t<\/div>\n\t\n\t<div class=\"content left\">\n\t\tDanke f\u00fcr das tolle Event \u201eTHE FIRST TIME\u201c, niemals h\u00e4tten wir sonst einen Club besucht. <br \/><br \/>Toll wieviel Zeit ihr euch f\u00fcr alle Neulinge genommen habt. Lustige aber sehr informative Club-F\u00fchrung. Wir hatten dadurch einen wundervollen Abend und werden nun \u00f6fters in den Life-Club kommen.<br \/><br \/>Sehr gutes Buffet, tolle Getr\u00e4nkeauswahl, alles hygienisch einwandfrei und sehr sauber.  Mitarbeiter freundlich und der Chef Markus stets kommunikativ und hilfsbereit.<br \/><br \/>Danke!!!\t<\/div>\n\n\t\t\t\n\t<div class=\"clear\"><\/div>\n<\/div><div class=\"entry\">\n\t<div class=\"info left\">\n\t\t<span class=\"author\">Kate_George <\/span>\n\t\t<span class=\"date\">26.10.2023<\/span>\n\t<\/div>\n\t\n\t<div class=\"content left\">\n\t\t<br \/>\"Unser Besuch in diesem tollen Club war eine unerwartete Offenbarung. Die Atmosph\u00e4re, das Essen, die Getr\u00e4nke, das Personal und die anderen G\u00e4ste haben uns von Anfang an in ihren Bann gezogen. Anfangs hatten wir einige Bedenken, aber sobald wir die Schwelle betraten, wussten wir, dass wir am richtigen Ort waren. Es hat uns so gut gefallen, dass wir uns bereits f\u00fcr einen weiteren Besuch im Januar angemeldet haben. Doch ehrlich gesagt, es f\u00e4llt uns schwer, so lange zu warten. Wir k\u00f6nnen es kaum erwarten, wieder einzukehren.\"\t<\/div>\n\n\t\t\t\n\t<div class=\"clear\"><\/div>\n<\/div><div class=\"entry\">\n\t<div class=\"info left\">\n\t\t<span class=\"author\">S & T<\/span>\n\t\t<span class=\"date\">26.04.2023<\/span>\n\t<\/div>\n\t\n\t<div class=\"content left\">\n\t\tEin grandioser Ruf eilt Euch, nicht nur hier im G\u00e4stebuch, sondern auch in anderen Clubs voraus, wenn man Leute reden h\u00f6rt. Alle schw\u00e4rmen von ihrem Life-Besuch. <br \/><br \/>Und wir geh\u00f6ren ab heute mit dazu und k\u00f6nnen mitreden. Unglaublich was ihr da auf die Beine stellt. Die Paare und Ladys Night am letzten Wochenende war ja ein eigentlich normales Event und ihr macht ein Buffet, dass bekommen einige Strategen in der Szene noch nicht einmal zu Silvester hin.<br \/><br \/>Sauber, freundlich, hohe Qualit\u00e4t bei Getr\u00e4nken - tadellos, dass ist ganz gro\u00dfes Kino!!!<br \/><br \/>Jetzt wohnen wir nunmal einige Kilometer vom Life entfernt, aber f\u00fcr uns steht fest, ehe wir uns noch einmal irgendwo \u00e4rgern, fahren wir lieber ins Life. Und was wir da gesehen haben, was im Sommer so alles bei euch passiert, denken wir, wir haben unser Paradies gefunden.<br \/><br \/>Merci<br \/><br \/>\t<\/div>\n\n\t\t\t\n\t<div class=\"clear\"><\/div>\n<\/div><\/div><div class=\"gbuch_controlarea_bottom\"><div class=\"gbuch_control\"><div class=\"gb_left\"><\/div><div class=\"gbuch_count_page\"> Page 1 from 11, Entries 1 - 10 from 109<\/div><div class=\"gb_right\"><a href=\"?seite=2\">next Page<span class=\"gb_pfeil_rechts\"><\/span><\/a><\/div><div class=\"clear\"><\/div><\/div><\/div><\/div>\n","protected":false},"excerpt":{"rendered":"","protected":false},"author":1,"featured_media":5550,"parent":0,"menu_order":0,"comment_status":"closed","ping_status":"closed","template":"","meta":{"_monsterinsights_skip_tracking":false,"_monsterinsights_sitenote_active":false,"_monsterinsights_sitenote_note":"","_monsterinsights_sitenote_category":0,"ngg_post_thumbnail":0,"footnotes":""},"class_list":["post-54","page","type-page","status-publish","has-post-thumbnail","hentry"],"_links":{"self":[{"href":"https:\/\/life-swingerclub.de\/nl\/wp-json\/wp\/v2\/pages\/54","targetHints":{"allow":["GET"]}}],"collection":[{"href":"https:\/\/life-swingerclub.de\/nl\/wp-json\/wp\/v2\/pages"}],"about":[{"href":"https:\/\/life-swingerclub.de\/nl\/wp-json\/wp\/v2\/types\/page"}],"author":[{"embeddable":true,"href":"https:\/\/life-swingerclub.de\/nl\/wp-json\/wp\/v2\/users\/1"}],"replies":[{"embeddable":true,"href":"https:\/\/life-swingerclub.de\/nl\/wp-json\/wp\/v2\/comments?post=54"}],"version-history":[{"count":3,"href":"https:\/\/life-swingerclub.de\/nl\/wp-json\/wp\/v2\/pages\/54\/revisions"}],"predecessor-version":[{"id":2099,"href":"https:\/\/life-swingerclub.de\/nl\/wp-json\/wp\/v2\/pages\/54\/revisions\/2099"}],"wp:featuredmedia":[{"embeddable":true,"href":"https:\/\/life-swingerclub.de\/nl\/wp-json\/wp\/v2\/media\/5550"}],"wp:attachment":[{"href":"https:\/\/life-swingerclub.de\/nl\/wp-json\/wp\/v2\/media?parent=54"}],"curies":[{"name":"wp","href":"https:\/\/api.w.org\/{rel}","templated":true}]}}